{"id":61,"date":"2020-02-23T10:40:58","date_gmt":"2020-02-23T10:40:58","guid":{"rendered":"https:\/\/www.besiktaskizyurdu.com.tr\/?page_id=61"},"modified":"2024-05-28T07:15:23","modified_gmt":"2024-05-28T07:15:23","slug":"s-s-s","status":"publish","type":"page","link":"https:\/\/www.besiktaskizyurdu.com.tr\/index.php\/s-s-s\/","title":{"rendered":"S.S.S."},"content":{"rendered":"<p>[et_pb_section fb_built=&#8221;1&#8243; _builder_version=&#8221;4.16&#8243; custom_margin=&#8221;0px|0px|0px|0px|false|false&#8221; custom_padding=&#8221;0px|0px|0px|0px|false|false&#8221; locked=&#8221;off&#8221; global_colors_info=&#8221;{}&#8221;][et_pb_row use_custom_gutter=&#8221;on&#8221; gutter_width=&#8221;1&#8243; _builder_version=&#8221;4.16&#8243; background_color=&#8221;#3d3d77&#8243; background_image=&#8221;https:\/\/www.besiktaskizyurdu.com.tr\/wp-content\/uploads\/2020\/02\/6387-1.jpg&#8221; width=&#8221;100%&#8221; max_width=&#8221;100%&#8221; custom_padding=&#8221;0px|0px|0px|0px|false|false&#8221; global_colors_info=&#8221;{}&#8221;][et_pb_column type=&#8221;4_4&#8243; _builder_version=&#8221;4.16&#8243; global_colors_info=&#8221;{}&#8221;][et_pb_text _builder_version=&#8221;4.25.1&#8243; vertical_offset_tablet=&#8221;0&#8243; horizontal_offset_tablet=&#8221;0&#8243; hover_enabled=&#8221;0&#8243; z_index_tablet=&#8221;0&#8243; text_text_shadow_horizontal_length_tablet=&#8221;0px&#8221; text_text_shadow_vertical_length_tablet=&#8221;0px&#8221; text_text_shadow_blur_strength_tablet=&#8221;1px&#8221; link_text_shadow_horizontal_length_tablet=&#8221;0px&#8221; link_text_shadow_vertical_length_tablet=&#8221;0px&#8221; link_text_shadow_blur_strength_tablet=&#8221;1px&#8221; ul_text_shadow_horizontal_length_tablet=&#8221;0px&#8221; ul_text_shadow_vertical_length_tablet=&#8221;0px&#8221; ul_text_shadow_blur_strength_tablet=&#8221;1px&#8221; ol_text_shadow_horizontal_length_tablet=&#8221;0px&#8221; ol_text_shadow_vertical_length_tablet=&#8221;0px&#8221; ol_text_shadow_blur_strength_tablet=&#8221;1px&#8221; quote_text_shadow_horizontal_length_tablet=&#8221;0px&#8221; quote_text_shadow_vertical_length_tablet=&#8221;0px&#8221; quote_text_shadow_blur_strength_tablet=&#8221;1px&#8221; header_text_shadow_horizontal_length_tablet=&#8221;0px&#8221; header_text_shadow_vertical_length_tablet=&#8221;0px&#8221; header_text_shadow_blur_strength_tablet=&#8221;1px&#8221; header_2_text_shadow_horizontal_length_tablet=&#8221;0px&#8221; header_2_text_shadow_vertical_length_tablet=&#8221;0px&#8221; header_2_text_shadow_blur_strength_tablet=&#8221;1px&#8221; header_3_text_shadow_horizontal_length_tablet=&#8221;0px&#8221; header_3_text_shadow_vertical_length_tablet=&#8221;0px&#8221; header_3_text_shadow_blur_strength_tablet=&#8221;1px&#8221; header_4_text_shadow_horizontal_length_tablet=&#8221;0px&#8221; header_4_text_shadow_vertical_length_tablet=&#8221;0px&#8221; header_4_text_shadow_blur_strength_tablet=&#8221;1px&#8221; header_5_text_shadow_horizontal_length_tablet=&#8221;0px&#8221; header_5_text_shadow_vertical_length_tablet=&#8221;0px&#8221; header_5_text_shadow_blur_strength_tablet=&#8221;1px&#8221; header_6_text_shadow_horizontal_length_tablet=&#8221;0px&#8221; header_6_text_shadow_vertical_length_tablet=&#8221;0px&#8221; header_6_text_shadow_blur_strength_tablet=&#8221;1px&#8221; box_shadow_horizontal_tablet=&#8221;0px&#8221; box_shadow_vertical_tablet=&#8221;0px&#8221; box_shadow_blur_tablet=&#8221;40px&#8221; box_shadow_spread_tablet=&#8221;0px&#8221; global_colors_info=&#8221;{}&#8221; background_color=&#8221;rgba(0,0,0,0.72)&#8221; header_3_text_color=&#8221;#FFFFFF&#8221; header_2_text_color=&#8221;#FFFFFF&#8221; custom_padding=&#8221;60px||60px||true|false&#8221; sticky_enabled=&#8221;0&#8243;]<\/p>\n<h2 style=\"text-align: center;\"><strong>SIK SORULAN SORULAR<\/strong><\/h2>\n<p>[\/et_pb_text][\/et_pb_column][\/et_pb_row][et_pb_row use_custom_gutter=&#8221;on&#8221; gutter_width=&#8221;1&#8243; _builder_version=&#8221;4.16&#8243; width=&#8221;100%&#8221; custom_margin=&#8221;||||false|false&#8221; custom_padding=&#8221;0px|0px|0px|0px|false|false&#8221; global_colors_info=&#8221;{}&#8221;][et_pb_column type=&#8221;4_4&#8243; _builder_version=&#8221;4.16&#8243; custom_padding=&#8221;|||&#8221; global_colors_info=&#8221;{}&#8221; custom_padding__hover=&#8221;|||&#8221;][et_pb_text _builder_version=&#8221;4.25.1&#8243; vertical_offset_tablet=&#8221;0&#8243; horizontal_offset_tablet=&#8221;0&#8243; custom_margin=&#8221;0px|0px|0px|0px|false|false&#8221; custom_padding=&#8221;30px|30px|30px|30px|false|false&#8221; z_index_tablet=&#8221;0&#8243; text_text_shadow_horizontal_length_tablet=&#8221;0px&#8221; text_text_shadow_vertical_length_tablet=&#8221;0px&#8221; text_text_shadow_blur_strength_tablet=&#8221;1px&#8221; link_text_shadow_horizontal_length_tablet=&#8221;0px&#8221; link_text_shadow_vertical_length_tablet=&#8221;0px&#8221; link_text_shadow_blur_strength_tablet=&#8221;1px&#8221; ul_text_shadow_horizontal_length_tablet=&#8221;0px&#8221; ul_text_shadow_vertical_length_tablet=&#8221;0px&#8221; ul_text_shadow_blur_strength_tablet=&#8221;1px&#8221; ol_text_shadow_horizontal_length_tablet=&#8221;0px&#8221; ol_text_shadow_vertical_length_tablet=&#8221;0px&#8221; ol_text_shadow_blur_strength_tablet=&#8221;1px&#8221; quote_text_shadow_horizontal_length_tablet=&#8221;0px&#8221; quote_text_shadow_vertical_length_tablet=&#8221;0px&#8221; quote_text_shadow_blur_strength_tablet=&#8221;1px&#8221; header_text_shadow_horizontal_length_tablet=&#8221;0px&#8221; header_text_shadow_vertical_length_tablet=&#8221;0px&#8221; header_text_shadow_blur_strength_tablet=&#8221;1px&#8221; header_2_text_shadow_horizontal_length_tablet=&#8221;0px&#8221; header_2_text_shadow_vertical_length_tablet=&#8221;0px&#8221; header_2_text_shadow_blur_strength_tablet=&#8221;1px&#8221; header_3_text_shadow_horizontal_length_tablet=&#8221;0px&#8221; header_3_text_shadow_vertical_length_tablet=&#8221;0px&#8221; header_3_text_shadow_blur_strength_tablet=&#8221;1px&#8221; header_4_text_shadow_horizontal_length_tablet=&#8221;0px&#8221; header_4_text_shadow_vertical_length_tablet=&#8221;0px&#8221; header_4_text_shadow_blur_strength_tablet=&#8221;1px&#8221; header_5_text_shadow_horizontal_length_tablet=&#8221;0px&#8221; header_5_text_shadow_vertical_length_tablet=&#8221;0px&#8221; header_5_text_shadow_blur_strength_tablet=&#8221;1px&#8221; header_6_text_shadow_horizontal_length_tablet=&#8221;0px&#8221; header_6_text_shadow_vertical_length_tablet=&#8221;0px&#8221; header_6_text_shadow_blur_strength_tablet=&#8221;1px&#8221; box_shadow_horizontal_tablet=&#8221;0px&#8221; box_shadow_vertical_tablet=&#8221;0px&#8221; box_shadow_blur_tablet=&#8221;40px&#8221; box_shadow_spread_tablet=&#8221;0px&#8221; global_colors_info=&#8221;{}&#8221;]<\/p>\n<p>\u00dcniversiteyi kazanan \u00f6\u011frencilerin akl\u0131na ilk gelen\u00a0<strong>\u201cNerede kalaca\u011f\u0131m?\u201d<\/strong>\u00a0sorusu kolayca;\u00a0<strong>\u201cYurt ya da ev\u201d<\/strong> olarak cevapland\u0131r\u0131l\u0131r. Sizin i\u00e7in, hangisinin daha avantajl\u0131 ve do\u011fru tercih oldu\u011funa bir bakal\u0131m. Evde kalmak isteyen \u00f6\u011frenci, tan\u0131mad\u0131\u011f\u0131 bir \u00e7evrede \u00f6ncelikle;<\/p>\n<ul>\n<li>Ev bulmak,<\/li>\n<li>Kiralamak,<\/li>\n<li>Temizlemek,<\/li>\n<li>E\u015fya sat\u0131n almak,<\/li>\n<li>Abonelikleri a\u00e7t\u0131rmak<\/li>\n<\/ul>\n<p>(vb) gibi s\u0131f\u0131rdan bir ev kurman\u0131n zorluklar\u0131yla birlikte, bunun y\u00fcksek parasal maliyetini de kar\u015f\u0131lamak durumundad\u0131r. Bu zorluklar bir \u015fekilde a\u015f\u0131lm\u0131\u015f olsa bile, evde kalan \u00f6\u011frenci:<\/p>\n<ul>\n<li>Yemek,<\/li>\n<li>\u00c7ama\u015f\u0131r,<\/li>\n<li>Bula\u015f\u0131k,<\/li>\n<li>Temizlik,<\/li>\n<li>Tadilat<\/li>\n<li>Sosyal \u00e7evre bulma, gibi zaman kaybettiren; bunlardan daha da \u00f6nemlisi,<\/li>\n<li>G\u00fcvenlik gibi ya\u015fam\u0131 do\u011frudan etkileyen, b\u00fcy\u00fck sorunlar\u0131n s\u00fcrekli bask\u0131s\u0131 alt\u0131nda kalmaktad\u0131r. Bu nedenlerledir ki biz size \u00e7ok daha g\u00fcvenli bir ortamda; daha ekonomik, daha rahat, daha sorunsuz ya\u015fanan bir ortam\u0131 yurdumuzda sa\u011fl\u0131yoruz.<\/li>\n<\/ul>\n<p><strong>\u00c7\u00fcnk\u00fc:\u00a0<\/strong><\/p>\n<ul>\n<li>Yurdumuzda kald\u0131\u011f\u0131n\u0131zda zaman\u0131n\u0131z\u0131n tamam\u0131 sizindir.<\/li>\n<li>Yurdumuzda ne yemek yapaca\u011f\u0131m, bula\u015f\u0131klar\u0131 kim y\u0131kayacak sorununuz olmaz.<\/li>\n<li>\u00c7ama\u015f\u0131r makineleri ve \u00fct\u00fc odalar\u0131 sayesinde \u00e7ama\u015f\u0131r derdiniz olmaz.<\/li>\n<li>G\u00f6revliler odan\u0131z\u0131 g\u00fcnl\u00fck temizledi\u011fi i\u00e7in temizlik probleminiz olmaz.<\/li>\n<li>Kira, elektrik, su, telefon, internet faturalar\u0131 yat\u0131rmak i\u00e7in zaman kayb\u0131n\u0131z olmaz.<\/li>\n<li>Musluk bozuldu, lamba de\u011fi\u015fecek usta bulmam laz\u0131m derdiniz olmaz.<\/li>\n<li>Be\u015fikta\u015f\u0131n merkezinde Ula\u015f\u0131m sorununuz olmaz. Bunlardan artan zaman\u0131 da \u00e7al\u0131\u015fma ve et\u00fct odalar\u0131nda, gelecekteki ba\u015far\u0131n\u0131z\u0131 \u015fekillendirmek i\u00e7in kullanabilirsiniz.<\/li>\n<\/ul>\n<p><strong>Ayr\u0131ca:<\/strong>24 saat s\u0131cak su ve \u0131s\u0131nma i\u00e7in ekstra bir \u00f6deme yapmadan; gece\/g\u00fcnd\u00fcz g\u00f6revlileri ve kurulu kamera sistemiyle sa\u011flanan g\u00fcvenli bir ortamda; ilgi ve tercihlerinize g\u00f6re sizi kabul etmeye haz\u0131r bir sosyal \u00e7evre i\u00e7inde, \u00e7ok daha ekonomik, \u00e7ok daha kaliteli bir ya\u015fam sunuyoruz. Hem evinizde gibi hissedecek hem de yurt konforunu ya\u015fayacaks\u0131n\u0131z.<\/p>\n<p><strong>Kar\u015f\u0131la\u015ft\u0131\u011f\u0131n\u0131z t\u00fcm sorunlarla sizin i\u00e7in ilgilenecek ve \u00e7\u00f6z\u00fcm \u00fcretecek bir ekip sizi bekliyor.<\/strong><\/p>\n<p>[\/et_pb_text][\/et_pb_column][\/et_pb_row][\/et_pb_section]<\/p>\n","protected":false},"excerpt":{"rendered":"<p>SIK SORULAN SORULAR\u00dcniversiteyi kazanan \u00f6\u011frencilerin akl\u0131na ilk gelen\u00a0\u201cNerede kalaca\u011f\u0131m?\u201d\u00a0sorusu kolayca;\u00a0\u201cYurt ya da ev\u201d olarak cevapland\u0131r\u0131l\u0131r. Sizin i\u00e7in, hangisinin daha avantajl\u0131 ve do\u011fru tercih oldu\u011funa bir bakal\u0131m. Evde kalmak isteyen \u00f6\u011frenci, tan\u0131mad\u0131\u011f\u0131 bir \u00e7evrede \u00f6ncelikle; Ev bulmak, Kiralamak, Temizlemek, E\u015fya sat\u0131n almak, Abonelikleri a\u00e7t\u0131rmak (vb) gibi s\u0131f\u0131rdan bir ev kurman\u0131n zorluklar\u0131yla birlikte, bunun y\u00fcksek parasal maliyetini [&hellip;]<\/p>\n","protected":false},"author":2,"featured_media":0,"parent":0,"menu_order":8,"comment_status":"closed","ping_status":"closed","template":"","meta":{"_et_pb_use_builder":"on","_et_pb_old_content":"","_et_gb_content_width":"","ngg_post_thumbnail":0,"footnotes":""},"class_list":["post-61","page","type-page","status-publish","hentry"],"aioseo_notices":[],"jetpack-related-posts":[],"jetpack_sharing_enabled":true,"_links":{"self":[{"href":"https:\/\/www.besiktaskizyurdu.com.tr\/index.php\/wp-json\/wp\/v2\/pages\/61","targetHints":{"allow":["GET"]}}],"collection":[{"href":"https:\/\/www.besiktaskizyurdu.com.tr\/index.php\/wp-json\/wp\/v2\/pages"}],"about":[{"href":"https:\/\/www.besiktaskizyurdu.com.tr\/index.php\/wp-json\/wp\/v2\/types\/page"}],"author":[{"embeddable":true,"href":"https:\/\/www.besiktaskizyurdu.com.tr\/index.php\/wp-json\/wp\/v2\/users\/2"}],"replies":[{"embeddable":true,"href":"https:\/\/www.besiktaskizyurdu.com.tr\/index.php\/wp-json\/wp\/v2\/comments?post=61"}],"version-history":[{"count":0,"href":"https:\/\/www.besiktaskizyurdu.com.tr\/index.php\/wp-json\/wp\/v2\/pages\/61\/revisions"}],"wp:attachment":[{"href":"https:\/\/www.besiktaskizyurdu.com.tr\/index.php\/wp-json\/wp\/v2\/media?parent=61"}],"curies":[{"name":"wp","href":"https:\/\/api.w.org\/{rel}","templated":true}]}}