{"id":56,"date":"2020-02-23T10:40:40","date_gmt":"2020-02-23T10:40:40","guid":{"rendered":"https:\/\/www.besiktaskizyurdu.com.tr\/?page_id=56"},"modified":"2024-02-16T10:12:36","modified_gmt":"2024-02-16T10:12:36","slug":"hizmetlerimiz-ve-oda-ozellikleri","status":"publish","type":"page","link":"https:\/\/www.besiktaskizyurdu.com.tr\/index.php\/hizmetlerimiz-ve-oda-ozellikleri\/","title":{"rendered":"Hizmet ve Odalar"},"content":{"rendered":"<p>[et_pb_section fb_built=&#8221;1&#8243; _builder_version=&#8221;4.16&#8243; custom_margin=&#8221;0px|0px|0px|0px|false|false&#8221; custom_padding=&#8221;0px|0px|0px|0px|false|false&#8221; locked=&#8221;off&#8221; global_colors_info=&#8221;{}&#8221;][et_pb_row use_custom_gutter=&#8221;on&#8221; gutter_width=&#8221;1&#8243; _builder_version=&#8221;4.16&#8243; background_color=&#8221;#3d3d77&#8243; background_image=&#8221;https:\/\/www.besiktaskizyurdu.com.tr\/wp-content\/uploads\/2020\/02\/6387-1.jpg&#8221; width=&#8221;100%&#8221; max_width=&#8221;100%&#8221; custom_padding=&#8221;0px|0px|0px|0px|false|false&#8221; global_colors_info=&#8221;{}&#8221;][et_pb_column type=&#8221;4_4&#8243; _builder_version=&#8221;4.16&#8243; global_colors_info=&#8221;{}&#8221;][et_pb_post_title meta=&#8221;off&#8221; featured_image=&#8221;off&#8221; _builder_version=&#8221;4.16&#8243; title_font=&#8221;|800|||||||&#8221; title_text_color=&#8221;#ffffff&#8221; background_color=&#8221;rgba(61,61,119,0.81)&#8221; text_orientation=&#8221;center&#8221; custom_padding=&#8221;40px|30px|40px|30px|false|false&#8221; global_colors_info=&#8221;{}&#8221;]<br \/>\n[\/et_pb_post_title][\/et_pb_column][\/et_pb_row][et_pb_row use_custom_gutter=&#8221;on&#8221; gutter_width=&#8221;1&#8243; _builder_version=&#8221;4.16&#8243; width=&#8221;100%&#8221; custom_padding=&#8221;0px|0px|0px|0px|false|false&#8221; global_colors_info=&#8221;{}&#8221;][et_pb_column type=&#8221;4_4&#8243; _builder_version=&#8221;4.16&#8243; global_colors_info=&#8221;{}&#8221;][et_pb_slider _builder_version=&#8221;4.17.4&#8243; auto=&#8221;on&#8221; auto_speed=&#8221;4000&#8243; global_colors_info=&#8221;{}&#8221;][et_pb_slide _builder_version=&#8221;4.17.4&#8243; background_enable_color=&#8221;off&#8221; background_image=&#8221;https:\/\/www.besiktaskizyurdu.com.tr\/wp-content\/uploads\/2022\/08\/DO\u0308NDU\u0308-3.jpg&#8221; background_enable_image=&#8221;on&#8221; global_colors_info=&#8221;{}&#8221; sticky_transition=&#8221;on&#8221;]<\/p>\n<p>&nbsp;<\/p>\n<p>&nbsp;<\/p>\n<p>&nbsp;<\/p>\n<p>&nbsp;<\/p>\n<p>&nbsp;<\/p>\n<p>&nbsp;<\/p>\n<p>[\/et_pb_slide][et_pb_slide _builder_version=&#8221;4.16&#8243; background_enable_color=&#8221;off&#8221; background_image=&#8221;https:\/\/www.besiktaskizyurdu.com.tr\/wp-content\/uploads\/2021\/07\/Web-sitesi-go\u0308rseller-25.jpg&#8221; background_enable_image=&#8221;on&#8221; global_colors_info=&#8221;{}&#8221; sticky_transition=&#8221;on&#8221;]<\/p>\n<p>&nbsp;<\/p>\n<p>&nbsp;<\/p>\n<p>&nbsp;<\/p>\n<p>&nbsp;<\/p>\n<p>&nbsp;<\/p>\n<p>&nbsp;<\/p>\n<p>[\/et_pb_slide][et_pb_slide _builder_version=&#8221;4.16&#8243; background_enable_color=&#8221;off&#8221; background_image=&#8221;https:\/\/www.besiktaskizyurdu.com.tr\/wp-content\/uploads\/2021\/07\/Web-sitesi-go\u0308rseller-16.jpg&#8221; background_enable_image=&#8221;on&#8221; global_colors_info=&#8221;{}&#8221; sticky_transition=&#8221;on&#8221;]<\/p>\n<p>&nbsp;<\/p>\n<p>&nbsp;<\/p>\n<p>&nbsp;<\/p>\n<p>&nbsp;<\/p>\n<p>&nbsp;<\/p>\n<p>&nbsp;<\/p>\n<p>[\/et_pb_slide][et_pb_slide _builder_version=&#8221;4.16&#8243; background_enable_color=&#8221;off&#8221; background_image=&#8221;https:\/\/www.besiktaskizyurdu.com.tr\/wp-content\/uploads\/2021\/07\/Web-sitesi-go\u0308rseller-06.jpg&#8221; background_enable_image=&#8221;on&#8221; global_colors_info=&#8221;{}&#8221; sticky_transition=&#8221;on&#8221;]<\/p>\n<p>&nbsp;<\/p>\n<p>&nbsp;<\/p>\n<p>&nbsp;<\/p>\n<p>&nbsp;<\/p>\n<p>&nbsp;<\/p>\n<p>&nbsp;<\/p>\n<p>[\/et_pb_slide][et_pb_slide _builder_version=&#8221;4.17.4&#8243; background_enable_color=&#8221;off&#8221; background_image=&#8221;https:\/\/www.besiktaskizyurdu.com.tr\/wp-content\/uploads\/2022\/08\/Web-sitesi-go\u0308rseller-21.jpg&#8221; background_enable_image=&#8221;on&#8221; global_colors_info=&#8221;{}&#8221; sticky_transition=&#8221;on&#8221;]<\/p>\n<p>&nbsp;<\/p>\n<p>&nbsp;<\/p>\n<p>&nbsp;<\/p>\n<p>&nbsp;<\/p>\n<p>&nbsp;<\/p>\n<p>&nbsp;<\/p>\n<p>[\/et_pb_slide][et_pb_slide _builder_version=&#8221;4.16&#8243; background_enable_color=&#8221;off&#8221; background_image=&#8221;https:\/\/www.besiktaskizyurdu.com.tr\/wp-content\/uploads\/2021\/07\/Web-sitesi-go\u0308rseller-28.jpg&#8221; background_enable_image=&#8221;on&#8221; global_colors_info=&#8221;{}&#8221; sticky_transition=&#8221;on&#8221;]<\/p>\n<p>&nbsp;<\/p>\n<p>&nbsp;<\/p>\n<p>&nbsp;<\/p>\n<p>&nbsp;<\/p>\n<p>&nbsp;<\/p>\n<p>&nbsp;<\/p>\n<p>[\/et_pb_slide][\/et_pb_slider][\/et_pb_column][\/et_pb_row][et_pb_row column_structure=&#8221;1_3,2_3&#8243; use_custom_gutter=&#8221;on&#8221; gutter_width=&#8221;1&#8243; _builder_version=&#8221;4.16&#8243; width=&#8221;100%&#8221; custom_margin=&#8221;||||false|false&#8221; custom_padding=&#8221;0px|0px|0px|0px|false|false&#8221; global_colors_info=&#8221;{}&#8221;][et_pb_column type=&#8221;1_3&#8243; _builder_version=&#8221;4.16&#8243; background_enable_color=&#8221;off&#8221; global_colors_info=&#8221;{}&#8221;][et_pb_text _builder_version=&#8221;4.22.1&#8243; custom_margin=&#8221;0px|0px|0px|0px|false|false&#8221; custom_padding=&#8221;30px|30px|30px|30px|false|false&#8221; hover_enabled=&#8221;0&#8243; global_colors_info=&#8221;{}&#8221; sticky_enabled=&#8221;0&#8243;]<\/p>\n<h3><strong>Hizmetlerimiz<\/strong><\/h3>\n<ul>\n<li style=\"font-weight: 400;\">\n<p class=\"p1\">1-2-3 ve 4 ki\u015filik oda se\u00e7enekleri<\/p>\n<\/li>\n<li style=\"font-weight: 400;\">\n<p class=\"p1\">Odalara ki\u015fiye \u00f6zel kartl\u0131 giri\u015f sistemi<\/p>\n<\/li>\n<li style=\"font-weight: 400;\">\n<p class=\"p1\">Ki\u015fiye \u00f6zel \u00e7al\u0131\u015fma masas\u0131 ve gard\u0131rop<\/p>\n<\/li>\n<li style=\"font-weight: 400;\">\n<p class=\"p1\">Parmak izi ile giri\u015f \u00e7\u0131k\u0131\u015f sistemi<\/p>\n<\/li>\n<li style=\"font-weight: 400;\">\n<p class=\"p1\">Veli bilgilendirme hizmeti<\/p>\n<\/li>\n<li style=\"font-weight: 400;\">\n<p class=\"p1\">T\u00fcm odalarda tuvalet banyo<\/p>\n<\/li>\n<li style=\"font-weight: 400;\">\n<p class=\"p1\">T\u00fcm odalarda mini buzdolab\u0131<\/p>\n<\/li>\n<li style=\"font-weight: 400;\">\n<p class=\"p1\">150 MBPS h\u0131z\u0131nda kablosuz internet (WiFi)<\/p>\n<\/li>\n<li style=\"font-weight: 400;\">\n<p class=\"p1\">24 saat s\u0131cak su<\/p>\n<\/li>\n<li style=\"font-weight: 400;\">\n<p class=\"p1\">Haftan\u0131n 7 g\u00fcn\u00fc a\u00e7\u0131k b\u00fcfe kahvalt\u0131<\/p>\n<\/li>\n<li>Haftan\u0131n 6 g\u00fcn\u00fc ak\u015fam yeme\u011fi<\/li>\n<li style=\"font-weight: 400;\">\n<p class=\"p1\">\u00d6\u011frencilere \u00f6zel hobi mutfa\u011f\u0131<\/p>\n<\/li>\n<li style=\"font-weight: 400;\">\n<p class=\"p1\"><span>\u00c7ama\u015f\u0131r y\u0131kama kurutma ve \u00fct\u00fc odas\u0131 (Haftan\u0131n 7 g\u00fcn\u00fc)<\/span><\/p>\n<\/li>\n<li class=\"p1\"><span>D\u00fczenli oda temizli\u011fi (G\u00fcnl\u00fck)<\/span><\/li>\n<li style=\"font-weight: 400;\">\n<p class=\"p1\">7\/24 kamera sistemi<\/p>\n<\/li>\n<li style=\"font-weight: 400;\">\n<p class=\"p1\">Et\u00fct salonu<\/p>\n<\/li>\n<li style=\"font-weight: 400;\">\n<p class=\"p1\">\u00c7izim salonu<\/p>\n<\/li>\n<li style=\"font-weight: 400;\">\n<p class=\"p1\">Revir<\/p>\n<\/li>\n<li style=\"font-weight: 400;\">\n<p class=\"p1\">TV salonu<\/p>\n<\/li>\n<li style=\"font-weight: 400;\">\n<p class=\"p1\">Valiz odas\u0131<\/p>\n<\/li>\n<li style=\"font-weight: 400;\">\n<p class=\"p1\">Yang\u0131n duman detekt\u00f6r\u00fc<\/p>\n<\/li>\n<li style=\"font-weight: 400;\">\n<p class=\"p1\">Deneyimli yurt personeli<\/p>\n<\/li>\n<li>\n<p class=\"p1\"><span>\u00c7izim masalar\u0131<\/span><\/p>\n<\/li>\n<li>\n<p class=\"p1\">Yang\u0131n duman alarm sistemi<\/p>\n<\/li>\n<li><span>1-2-3-4\u00a0 ki\u015filik odalar\u0131m\u0131z\u00a0 olup t\u00fcm odalar\u0131m\u0131z da 24 saat s\u0131cak su, elbise dolab\u0131, \u00e7al\u0131\u015fma masas\u0131, kitapl\u0131k, buzdolab\u0131 bulunmaktad\u0131r. Her odam\u0131zda m\u00fcstakil banyo tuvalet bulunmaktad\u0131r.<\/span><\/li>\n<li>Giri\u015f saatlerimiz haftai\u00e7i 00:30 haftasonu 01:30 dur.<\/li>\n<\/ul>\n<p>[\/et_pb_text][\/et_pb_column][et_pb_column type=&#8221;2_3&#8243; _builder_version=&#8221;4.16&#8243; global_colors_info=&#8221;{}&#8221;][et_pb_text _builder_version=&#8221;4.17.4&#8243; vertical_offset_tablet=&#8221;0&#8243; horizontal_offset_tablet=&#8221;0&#8243; custom_margin=&#8221;0px|0px|0px|0px|false|false&#8221; custom_padding=&#8221;30px|30px|30px|30px|false|false&#8221; z_index_tablet=&#8221;0&#8243; text_text_shadow_horizontal_length_tablet=&#8221;0px&#8221; text_text_shadow_vertical_length_tablet=&#8221;0px&#8221; text_text_shadow_blur_strength_tablet=&#8221;1px&#8221; link_text_shadow_horizontal_length_tablet=&#8221;0px&#8221; link_text_shadow_vertical_length_tablet=&#8221;0px&#8221; link_text_shadow_blur_strength_tablet=&#8221;1px&#8221; ul_text_shadow_horizontal_length_tablet=&#8221;0px&#8221; ul_text_shadow_vertical_length_tablet=&#8221;0px&#8221; ul_text_shadow_blur_strength_tablet=&#8221;1px&#8221; ol_text_shadow_horizontal_length_tablet=&#8221;0px&#8221; ol_text_shadow_vertical_length_tablet=&#8221;0px&#8221; ol_text_shadow_blur_strength_tablet=&#8221;1px&#8221; quote_text_shadow_horizontal_length_tablet=&#8221;0px&#8221; quote_text_shadow_vertical_length_tablet=&#8221;0px&#8221; quote_text_shadow_blur_strength_tablet=&#8221;1px&#8221; header_text_shadow_horizontal_length_tablet=&#8221;0px&#8221; header_text_shadow_vertical_length_tablet=&#8221;0px&#8221; header_text_shadow_blur_strength_tablet=&#8221;1px&#8221; header_2_text_shadow_horizontal_length_tablet=&#8221;0px&#8221; header_2_text_shadow_vertical_length_tablet=&#8221;0px&#8221; header_2_text_shadow_blur_strength_tablet=&#8221;1px&#8221; header_3_text_shadow_horizontal_length_tablet=&#8221;0px&#8221; header_3_text_shadow_vertical_length_tablet=&#8221;0px&#8221; header_3_text_shadow_blur_strength_tablet=&#8221;1px&#8221; header_4_text_shadow_horizontal_length_tablet=&#8221;0px&#8221; header_4_text_shadow_vertical_length_tablet=&#8221;0px&#8221; header_4_text_shadow_blur_strength_tablet=&#8221;1px&#8221; header_5_text_shadow_horizontal_length_tablet=&#8221;0px&#8221; header_5_text_shadow_vertical_length_tablet=&#8221;0px&#8221; header_5_text_shadow_blur_strength_tablet=&#8221;1px&#8221; header_6_text_shadow_horizontal_length_tablet=&#8221;0px&#8221; header_6_text_shadow_vertical_length_tablet=&#8221;0px&#8221; header_6_text_shadow_blur_strength_tablet=&#8221;1px&#8221; box_shadow_horizontal_tablet=&#8221;0px&#8221; box_shadow_vertical_tablet=&#8221;0px&#8221; box_shadow_blur_tablet=&#8221;40px&#8221; box_shadow_spread_tablet=&#8221;0px&#8221; global_colors_info=&#8221;{}&#8221;]<\/p>\n<p>BE\u015e\u0130KTA\u015e KIZ \u00d6\u011eRENC\u0130 YURDU Gen\u00e7lik ve Spor &nbsp;Bakanl\u0131\u011f\u0131n\u0131n verdi\u011fi kontenjan \u00f6\u011frencilerimizin \u00f6\u011frenim s\u00fcreleri boyunca huzur dolu bir ortamda ya\u015famalar\u0131 i\u00e7in haz\u0131rlanm\u0131\u015ft\u0131r.<\/p>\n<p>Yurdumuz, Gen\u00e7lik ve Spor &nbsp;Bakanl\u0131\u011f\u0131na ba\u011fl\u0131 olarak \u00e7al\u0131\u015fmaktad\u0131r ve GSB tebli\u011flerine g\u00f6re y\u00f6netilmektedir.<\/p>\n<p>Odalar\u0131m\u0131z, 1-3 yada 4 ki\u015filik olup 24 saat s\u0131cak su, elbise dolab\u0131, \u00e7al\u0131\u015fma masas\u0131, buzdolab\u0131 bulunmaktad\u0131r. Her odam\u0131zda m\u00fcstakil banyo tuvalet bulunmaktad\u0131r.<\/p>\n<p>Odalar\u0131m\u0131z d\u0131\u015f\u0131nda Yurt kantini, et\u00fct salonu, uydu ba\u011flant\u0131l\u0131 TV ile hizmet vermekteyiz. Is\u0131nma sistemimiz kalorifer olup, sabah kahvalt\u0131s\u0131 verilmektedir.<\/p>\n<p>Yurdumuzda uygulanmakta olan kurallar, giri\u015f-\u00e7\u0131k\u0131\u015f saatleri ve disiplin y\u00f6netmeli\u011fi Gen\u00e7lik ve Spor &nbsp;Bakanl\u0131\u011f\u0131 tebli\u011fleri esas al\u0131narak haz\u0131rlanm\u0131\u015ft\u0131r.<\/p>\n<h5 style=\"font-weight: 400;\"><strong>Tek Ki\u015filik Odalar<\/strong><\/h5>\n<p class=\"p1\"><img loading=\"lazy\" decoding=\"async\" class=\"wp-image-464  alignleft\" src=\"https:\/\/www.besiktaskizyurdu.com.tr\/wp-content\/uploads\/2022\/08\/DO\u0308NDU\u0308-1-300x172.jpg\" alt=\"\" width=\"244\" height=\"140\" srcset=\"https:\/\/www.besiktaskizyurdu.com.tr\/wp-content\/uploads\/2022\/08\/DO\u0308NDU\u0308-1-300x172.jpg 300w, https:\/\/www.besiktaskizyurdu.com.tr\/wp-content\/uploads\/2022\/08\/DO\u0308NDU\u0308-1-1024x587.jpg 1024w, https:\/\/www.besiktaskizyurdu.com.tr\/wp-content\/uploads\/2022\/08\/DO\u0308NDU\u0308-1-768x440.jpg 768w, https:\/\/www.besiktaskizyurdu.com.tr\/wp-content\/uploads\/2022\/08\/DO\u0308NDU\u0308-1-1536x880.jpg 1536w, https:\/\/www.besiktaskizyurdu.com.tr\/wp-content\/uploads\/2022\/08\/DO\u0308NDU\u0308-1-1080x619.jpg 1080w, https:\/\/www.besiktaskizyurdu.com.tr\/wp-content\/uploads\/2022\/08\/DO\u0308NDU\u0308-1-1280x734.jpg 1280w, https:\/\/www.besiktaskizyurdu.com.tr\/wp-content\/uploads\/2022\/08\/DO\u0308NDU\u0308-1-980x562.jpg 980w, https:\/\/www.besiktaskizyurdu.com.tr\/wp-content\/uploads\/2022\/08\/DO\u0308NDU\u0308-1-480x275.jpg 480w, https:\/\/www.besiktaskizyurdu.com.tr\/wp-content\/uploads\/2022\/08\/DO\u0308NDU\u0308-1.jpg 1600w\" sizes=\"(max-width: 244px) 100vw, 244px\" \/>Sakinli\u011fi severim diyorsan\u0131z bir ki\u015filik odalar\u0131m\u0131z sizin i\u00e7in haz\u0131rland\u0131. S\u0131cak bir ev ortam\u0131 olarak d\u00fc\u015f\u00fcnd\u00fc\u011f\u00fcm\u00fcz odan\u0131zda her \u015fey elinizin alt\u0131nda. \u015eirin, bir o kadar da konforlu olan tek ki\u015filik odalar\u0131m\u0131z da tuvalet-banyo TV ve kablosuz internet ba\u011flant\u0131s\u0131na yata\u011f\u0131n\u0131zdan ula\u015fabilirsiniz. \u00c7al\u0131\u015fma masan\u0131z\u0131n kitapl\u0131\u011f\u0131n\u0131z oldu\u011fu, her \u015feyin sizler i\u00e7in d\u00fc\u015f\u00fcn\u00fcld\u00fc\u011f\u00fc odalar\u0131m\u0131zda ders \u00e7al\u0131\u015fmak bir keyif olacak.&nbsp;&nbsp;Tek ki\u015filik \u00f6zel oda arayan siz de\u011ferli \u00f6\u011frencilerimizi Be\u015fikta\u015f k\u0131z yurdu olarak bekliyoruz.<\/p>\n<h5><strong>\u0130ki Ki\u015filik Odalar<\/strong><\/h5>\n<p class=\"p1\"><img loading=\"lazy\" decoding=\"async\" class=\"wp-image-467  alignleft\" src=\"https:\/\/www.besiktaskizyurdu.com.tr\/wp-content\/uploads\/2022\/08\/DO\u0308NDU\u0308-4-300x172.jpg\" alt=\"\" width=\"244\" height=\"140\" srcset=\"https:\/\/www.besiktaskizyurdu.com.tr\/wp-content\/uploads\/2022\/08\/DO\u0308NDU\u0308-4-300x172.jpg 300w, https:\/\/www.besiktaskizyurdu.com.tr\/wp-content\/uploads\/2022\/08\/DO\u0308NDU\u0308-4-1024x587.jpg 1024w, https:\/\/www.besiktaskizyurdu.com.tr\/wp-content\/uploads\/2022\/08\/DO\u0308NDU\u0308-4-768x440.jpg 768w, https:\/\/www.besiktaskizyurdu.com.tr\/wp-content\/uploads\/2022\/08\/DO\u0308NDU\u0308-4-1536x880.jpg 1536w, https:\/\/www.besiktaskizyurdu.com.tr\/wp-content\/uploads\/2022\/08\/DO\u0308NDU\u0308-4-1080x619.jpg 1080w, https:\/\/www.besiktaskizyurdu.com.tr\/wp-content\/uploads\/2022\/08\/DO\u0308NDU\u0308-4-1280x734.jpg 1280w, https:\/\/www.besiktaskizyurdu.com.tr\/wp-content\/uploads\/2022\/08\/DO\u0308NDU\u0308-4-980x562.jpg 980w, https:\/\/www.besiktaskizyurdu.com.tr\/wp-content\/uploads\/2022\/08\/DO\u0308NDU\u0308-4-480x275.jpg 480w, https:\/\/www.besiktaskizyurdu.com.tr\/wp-content\/uploads\/2022\/08\/DO\u0308NDU\u0308-4.jpg 1600w\" sizes=\"(max-width: 244px) 100vw, 244px\" \/>Yaln\u0131z kalamam, arkada\u015f\u0131m varsa g\u00fczel her \u015fey diyorsan\u0131z; iki ki\u015filik oda \u00e7e\u015fitlerimiz sizin i\u00e7in. \u0130ki ki\u015filik VIP odalar ve iki ki\u015filik standart odalar\u0131m\u0131z\u0131 mutlaka g\u00f6rmelisiniz. \u0130ki ki\u015filik odas\u0131 olan \u00f6\u011frenci yurdu arayanlar i\u00e7in \u00d6zel Be\u015fikta\u015f k\u0131z \u00f6\u011frenci Yurduna sizi bekliyoruz.<\/p>\n<p>&nbsp;<\/p>\n<h5 class=\"p1\"><strong>\u00dc\u00e7 Ki\u015filik Odalar<\/strong><\/h5>\n<p class=\"p1\"><img loading=\"lazy\" decoding=\"async\" class=\"wp-image-465  alignleft\" src=\"https:\/\/www.besiktaskizyurdu.com.tr\/wp-content\/uploads\/2022\/08\/DO\u0308NDU\u0308-2-300x172.jpg\" alt=\"\" width=\"241\" height=\"138\" srcset=\"https:\/\/www.besiktaskizyurdu.com.tr\/wp-content\/uploads\/2022\/08\/DO\u0308NDU\u0308-2-300x172.jpg 300w, https:\/\/www.besiktaskizyurdu.com.tr\/wp-content\/uploads\/2022\/08\/DO\u0308NDU\u0308-2-1024x587.jpg 1024w, https:\/\/www.besiktaskizyurdu.com.tr\/wp-content\/uploads\/2022\/08\/DO\u0308NDU\u0308-2-768x440.jpg 768w, https:\/\/www.besiktaskizyurdu.com.tr\/wp-content\/uploads\/2022\/08\/DO\u0308NDU\u0308-2-1536x880.jpg 1536w, https:\/\/www.besiktaskizyurdu.com.tr\/wp-content\/uploads\/2022\/08\/DO\u0308NDU\u0308-2-1080x619.jpg 1080w, https:\/\/www.besiktaskizyurdu.com.tr\/wp-content\/uploads\/2022\/08\/DO\u0308NDU\u0308-2-1280x734.jpg 1280w, https:\/\/www.besiktaskizyurdu.com.tr\/wp-content\/uploads\/2022\/08\/DO\u0308NDU\u0308-2-980x562.jpg 980w, https:\/\/www.besiktaskizyurdu.com.tr\/wp-content\/uploads\/2022\/08\/DO\u0308NDU\u0308-2-480x275.jpg 480w, https:\/\/www.besiktaskizyurdu.com.tr\/wp-content\/uploads\/2022\/08\/DO\u0308NDU\u0308-2.jpg 1600w\" sizes=\"(max-width: 241px) 100vw, 241px\" \/>\u0130ki ki\u015fi olursam yaln\u0131z kalabilirim korkusu ya\u015famana gerek yok 3 ki\u015filik oda da hep arkada\u015flar\u0131n yan\u0131nda. Bir oda da \u00fc\u00e7 arkada\u015f, \u00fc\u00e7\u00fcn\u00fcz\u00fcn de yataklar\u0131 bazal\u0131, \u00fc\u00e7\u00fcn\u00fcz\u00fcn de dolaplar\u0131 bireysel \u00fc\u00e7\u00fcn\u00fcz\u00fcn de \u00e7al\u0131\u015fma masas\u0131 ayr\u0131 ayr\u0131, \u00fc\u00e7\u00fcn\u00fcz\u00fcn de kitaplar\u0131n\u0131n koyabilece\u011fi bir kitapl\u0131\u011f\u0131 var. Tuvaletiniz ve banyonuz oda da size \u00f6zel. \u00dc\u00e7 ki\u015filik odas\u0131 olan \u00f6\u011frenci yurdu arayanlar i\u00e7in \u00d6zel Be\u015fikta\u015f k\u0131z \u00f6\u011frenci Yurduna sizi bekliyoruz.<\/p>\n<h5 class=\"p1\"><strong>D\u00f6rt Ki\u015filik Odalar<\/strong><\/h5>\n<p class=\"p1\"><span class=\"s1\"><img loading=\"lazy\" decoding=\"async\" class=\" wp-image-280 alignleft\" src=\"https:\/\/www.besiktaskizyurdu.com.tr\/wp-content\/uploads\/2021\/07\/Web-sitesi-go\u0308rseller-01-300x172.jpg\" alt=\"\" width=\"239\" height=\"137\" srcset=\"https:\/\/www.besiktaskizyurdu.com.tr\/wp-content\/uploads\/2021\/07\/Web-sitesi-go\u0308rseller-01-300x172.jpg 300w, https:\/\/www.besiktaskizyurdu.com.tr\/wp-content\/uploads\/2021\/07\/Web-sitesi-go\u0308rseller-01-1024x587.jpg 1024w, https:\/\/www.besiktaskizyurdu.com.tr\/wp-content\/uploads\/2021\/07\/Web-sitesi-go\u0308rseller-01-768x440.jpg 768w, https:\/\/www.besiktaskizyurdu.com.tr\/wp-content\/uploads\/2021\/07\/Web-sitesi-go\u0308rseller-01-1536x880.jpg 1536w, https:\/\/www.besiktaskizyurdu.com.tr\/wp-content\/uploads\/2021\/07\/Web-sitesi-go\u0308rseller-01-1080x619.jpg 1080w, https:\/\/www.besiktaskizyurdu.com.tr\/wp-content\/uploads\/2021\/07\/Web-sitesi-go\u0308rseller-01-1280x733.jpg 1280w, https:\/\/www.besiktaskizyurdu.com.tr\/wp-content\/uploads\/2021\/07\/Web-sitesi-go\u0308rseller-01-980x561.jpg 980w, https:\/\/www.besiktaskizyurdu.com.tr\/wp-content\/uploads\/2021\/07\/Web-sitesi-go\u0308rseller-01-480x275.jpg 480w, https:\/\/www.besiktaskizyurdu.com.tr\/wp-content\/uploads\/2021\/07\/Web-sitesi-go\u0308rseller-01.jpg 1600w\" sizes=\"(max-width: 239px) 100vw, 239px\" \/><\/span>Ne kadar \u00e7okuz o kadar mutluyuz diyenlerden misiniz? \u00dcniversite arkada\u015flar\u0131n\u0131n yeri hep ayr\u0131 hele bir de oda arkada\u015f\u0131ysan\u0131z bamba\u015fka. D\u00f6rt ki\u015filik oda da en fazla nas\u0131l rahat edersiniz en konforlu nas\u0131l olur diye d\u00fc\u015f\u00fcnd\u00fck ve sizler i\u00e7in tasarlad\u0131k. D\u00f6rt ayr\u0131 \u00e7al\u0131\u015fma masas\u0131n\u0131n, \u00e7ift kapakl\u0131 bireysel k\u0131yafet dolaplar\u0131n\u0131n oldu\u011fu, tuvalet banyonun odada bulundu\u011fu d\u00f6rt ki\u015filik odalar &nbsp;g\u00f6rmeye al\u0131\u015f\u0131k olmad\u0131\u011f\u0131n\u0131z b\u00fcy\u00fckl\u00fck ve ferahl\u0131kta. D\u00f6rt ki\u015filik odas\u0131 olan \u00f6\u011frenci yurdu arayanlar i\u00e7in \u00d6zel Be\u015fikta\u015f k\u0131z \u00f6\u011frenci Yurduna sizi bekliyoruz.<\/p>\n<p class=\"p1\"><span class=\"s1\">&nbsp;<\/span><\/p>\n<p>[\/et_pb_text][\/et_pb_column][\/et_pb_row][\/et_pb_section]<\/p>\n","protected":false},"excerpt":{"rendered":"<p>&nbsp; &nbsp; &nbsp; &nbsp; &nbsp; &nbsp;&nbsp; &nbsp; &nbsp; &nbsp; &nbsp; &nbsp;&nbsp; &nbsp; &nbsp; &nbsp; &nbsp; &nbsp;&nbsp; &nbsp; &nbsp; &nbsp; &nbsp; &nbsp;&nbsp; &nbsp; &nbsp; &nbsp; &nbsp; &nbsp;&nbsp; &nbsp; &nbsp; &nbsp; &nbsp; &nbsp;Hizmetlerimiz 1-2-3 ve 4 ki\u015filik oda se\u00e7enekleri Odalara ki\u015fiye \u00f6zel kartl\u0131 giri\u015f sistemi Ki\u015fiye \u00f6zel \u00e7al\u0131\u015fma masas\u0131 ve gard\u0131rop Parmak izi ile giri\u015f \u00e7\u0131k\u0131\u015f sistemi [&hellip;]<\/p>\n","protected":false},"author":2,"featured_media":0,"parent":0,"menu_order":3,"comment_status":"closed","ping_status":"closed","template":"","meta":{"_et_pb_use_builder":"on","_et_pb_old_content":"","_et_gb_content_width":"","ngg_post_thumbnail":0,"footnotes":""},"class_list":["post-56","page","type-page","status-publish","hentry"],"aioseo_notices":[],"jetpack-related-posts":[],"jetpack_sharing_enabled":true,"_links":{"self":[{"href":"https:\/\/www.besiktaskizyurdu.com.tr\/index.php\/wp-json\/wp\/v2\/pages\/56","targetHints":{"allow":["GET"]}}],"collection":[{"href":"https:\/\/www.besiktaskizyurdu.com.tr\/index.php\/wp-json\/wp\/v2\/pages"}],"about":[{"href":"https:\/\/www.besiktaskizyurdu.com.tr\/index.php\/wp-json\/wp\/v2\/types\/page"}],"author":[{"embeddable":true,"href":"https:\/\/www.besiktaskizyurdu.com.tr\/index.php\/wp-json\/wp\/v2\/users\/2"}],"replies":[{"embeddable":true,"href":"https:\/\/www.besiktaskizyurdu.com.tr\/index.php\/wp-json\/wp\/v2\/comments?post=56"}],"version-history":[{"count":0,"href":"https:\/\/www.besiktaskizyurdu.com.tr\/index.php\/wp-json\/wp\/v2\/pages\/56\/revisions"}],"wp:attachment":[{"href":"https:\/\/www.besiktaskizyurdu.com.tr\/index.php\/wp-json\/wp\/v2\/media?parent=56"}],"curies":[{"name":"wp","href":"https:\/\/api.w.org\/{rel}","templated":true}]}}