{"id":24,"date":"2020-02-19T10:16:11","date_gmt":"2020-02-19T10:16:11","guid":{"rendered":"https:\/\/www.besiktaskizyurdu.com.tr\/?page_id=24"},"modified":"2022-08-11T07:15:53","modified_gmt":"2022-08-11T07:15:53","slug":"hakkimizda","status":"publish","type":"page","link":"https:\/\/www.besiktaskizyurdu.com.tr\/index.php\/hakkimizda\/","title":{"rendered":"Hakk\u0131m\u0131zda"},"content":{"rendered":"<p>[et_pb_section fb_built=&#8221;1&#8243; _builder_version=&#8221;4.16&#8243; custom_margin=&#8221;0px|0px|0px|0px|false|false&#8221; custom_padding=&#8221;0px|0px|0px|0px|false|false&#8221; global_colors_info=&#8221;{}&#8221;][et_pb_row use_custom_gutter=&#8221;on&#8221; gutter_width=&#8221;1&#8243; _builder_version=&#8221;4.16&#8243; background_color=&#8221;#3d3d77&#8243; background_image=&#8221;https:\/\/www.besiktaskizyurdu.com.tr\/wp-content\/uploads\/2020\/02\/6387-1.jpg&#8221; width=&#8221;100%&#8221; max_width=&#8221;100%&#8221; custom_padding=&#8221;0px|0px|0px|0px|false|false&#8221; global_colors_info=&#8221;{}&#8221;][et_pb_column type=&#8221;4_4&#8243; _builder_version=&#8221;4.16&#8243; global_colors_info=&#8221;{}&#8221;][et_pb_post_title meta=&#8221;off&#8221; featured_image=&#8221;off&#8221; _builder_version=&#8221;4.16&#8243; title_font=&#8221;|800|||||||&#8221; title_text_color=&#8221;#ffffff&#8221; background_color=&#8221;rgba(61,61,119,0.81)&#8221; text_orientation=&#8221;center&#8221; custom_padding=&#8221;40px|30px|40px|30px|false|false&#8221; global_colors_info=&#8221;{}&#8221;][\/et_pb_post_title][\/et_pb_column][\/et_pb_row][et_pb_row column_structure=&#8221;1_3,2_3&#8243; use_custom_gutter=&#8221;on&#8221; gutter_width=&#8221;1&#8243; _builder_version=&#8221;4.16&#8243; width=&#8221;100%&#8221; custom_margin=&#8221;||||false|false&#8221; custom_padding=&#8221;0px|0px|0px|0px|false|false&#8221; global_colors_info=&#8221;{}&#8221;][et_pb_column type=&#8221;1_3&#8243; _builder_version=&#8221;4.16&#8243; background_enable_color=&#8221;off&#8221; global_colors_info=&#8221;{}&#8221;][et_pb_image src=&#8221;https:\/\/www.besiktaskizyurdu.com.tr\/wp-content\/uploads\/2021\/07\/Web-sitesi-go\u0308rseller-28.jpg&#8221; title_text=&#8221;Web-sitesi-go\u0308rseller-28&#8243; force_fullwidth=&#8221;on&#8221; _builder_version=&#8221;4.16&#8243; custom_margin=&#8221;||||false|false&#8221; custom_padding=&#8221;30px||||false|false&#8221; global_colors_info=&#8221;{}&#8221;][\/et_pb_image][et_pb_image src=&#8221;https:\/\/www.besiktaskizyurdu.com.tr\/wp-content\/uploads\/2021\/07\/Web-sitesi-go\u0308rseller-26.jpg&#8221; title_text=&#8221;Web-sitesi-go\u0308rseller-26&#8243; force_fullwidth=&#8221;on&#8221; _builder_version=&#8221;4.16&#8243; custom_margin=&#8221;||||false|false&#8221; custom_padding=&#8221;30px||||false|false&#8221; global_colors_info=&#8221;{}&#8221;][\/et_pb_image][et_pb_image src=&#8221;https:\/\/www.besiktaskizyurdu.com.tr\/wp-content\/uploads\/2021\/07\/Web-sitesi-go\u0308rseller-27.jpg&#8221; title_text=&#8221;Web-sitesi-go\u0308rseller-27&#8243; force_fullwidth=&#8221;on&#8221; _builder_version=&#8221;4.16&#8243; custom_margin=&#8221;||||false|false&#8221; custom_padding=&#8221;30px||||false|false&#8221; global_colors_info=&#8221;{}&#8221;][\/et_pb_image][et_pb_image src=&#8221;https:\/\/www.besiktaskizyurdu.com.tr\/wp-content\/uploads\/2021\/07\/Web-sitesi-go\u0308rseller-16.jpg&#8221; title_text=&#8221;Web-sitesi-go\u0308rseller-16&#8243; force_fullwidth=&#8221;on&#8221; _builder_version=&#8221;4.16&#8243; custom_margin=&#8221;||||false|false&#8221; custom_padding=&#8221;30px||||false|false&#8221; global_colors_info=&#8221;{}&#8221;][\/et_pb_image][\/et_pb_column][et_pb_column type=&#8221;2_3&#8243; _builder_version=&#8221;4.16&#8243; global_colors_info=&#8221;{}&#8221;][et_pb_text _builder_version=&#8221;4.17.4&#8243; custom_margin=&#8221;0px|0px|20px|0px|false|false&#8221; custom_padding=&#8221;30px|30px|30px|30px|false|false&#8221; hover_enabled=&#8221;0&#8243; global_colors_info=&#8221;{}&#8221; sticky_enabled=&#8221;0&#8243;]<\/p>\n<p>BE\u015e\u0130KTA\u015e KIZ \u00d6\u011eRENC\u0130 YURDU olarak \u00e7a\u011fda\u015f T\u00fcrkiye vizyonu ile\u00a0 Cumhuriyetimizi ya\u015fatacak olan gen\u00e7lerimizin rahat ve g\u00fcvenli bir ortamda \u00fcniversite e\u011fitimlerini tamamlamalar\u0131 i\u00e7in faaliyetteyiz .<\/p>\n<p>&nbsp;<\/p>\n<h4><strong>Y\u00f6netim Birimi<\/strong><\/h4>\n<p>Deneyimli bayan m\u00fcd\u00fcr ve yard\u0131mc\u0131lar\u0131yla; gece-g\u00fcnd\u00fcz hizmet veren deneyimli ve se\u00e7kin bayan personeli ile kesintisiz hizmet sunulmaktad\u0131r.<\/p>\n<p>&nbsp;<\/p>\n<h4><strong>Misyonumuz<\/strong><\/h4>\n<p>E\u011fitimde y\u00fcksek standartlar\u0131 hedefleyen, ahlakl\u0131 ve erdemli gen\u00e7lerimizin temel ihtiya\u00e7 ve haklar\u0131 olan nitelikli ve hijyenik ya\u015fam ko\u015fullar\u0131n\u0131 sa\u011flayarak \u00f6\u011frencilerimize kaliteli bar\u0131nma hizmeti sunmakt\u0131r.<\/p>\n<p>&nbsp;<\/p>\n<h4><strong>Vizyonumuz<\/strong><\/h4>\n<p>S\u00fcrekli geli\u015fen kaliteli hizmet anlay\u0131\u015f\u0131 ve \u00f6zverili \u00e7al\u0131\u015fan personelin kat\u0131l\u0131m\u0131yla bar\u0131nma hizmetinde farkl\u0131 bir model olmakt\u0131r.<\/p>\n<p>&nbsp;<\/p>\n<h4><strong>Kalite Politikam\u0131z<\/strong><\/h4>\n<ul>\n<li>\u00d6\u011frencilerimizin ihtiya\u00e7 ve beklentilerini g\u00f6z \u00f6n\u00fcnde bulundurarak, s\u00fcrekli g\u00f6zden ge\u00e7irilen kalite hedeflerimiz do\u011frultusunda bar\u0131nma hizmetimizi ger\u00e7ekle\u015ftirmek ve geli\u015ftirmek,<\/li>\n<li>Do\u011fru i\u015fe do\u011fru insan atayan, \u00e7al\u0131\u015fanlar\u0131yla a\u00e7\u0131k ileti\u015fimde olan ve her d\u00fczeyde e\u011fitime \u00f6nem veren y\u00f6netim ilkesini benimsemek,<\/li>\n<li>\u00d6\u011frencilerimize ve ailelerine sayg\u0131l\u0131 ve g\u00fcler y\u00fczl\u00fc davranarak her konuda g\u00fcven vermek,<\/li>\n<li>Kaliteli hizmeti yasa ve y\u00f6netmelikler \u00e7er\u00e7evesinde ger\u00e7ekle\u015ftirmek,<\/li>\n<li>\u00c7a\u011fda\u015f bilgi ve teknolojileri hizmet sunumunda kullanmak,<\/li>\n<li>Kaynaklar\u0131 optimum kullanmak,<\/li>\n<li>Olu\u015fturulan standartlar\u0131n kal\u0131c\u0131l\u0131\u011f\u0131n\u0131 ve s\u00fcreklili\u011fini sa\u011flamak,<\/li>\n<li>Hizmet kalitesinin devaml\u0131l\u0131\u011f\u0131n\u0131 sa\u011flamak,<\/li>\n<li>Bu g\u00fcnk\u00fc stratejimiz, efor ve heyecan\u0131m\u0131z ile hedefimizin s\u00fcrekli geli\u015ftirme oldu\u011funu daima an\u0131msamak, temel kalite politikalar\u0131m\u0131zd\u0131r.<\/li>\n<\/ul>\n<p>[\/et_pb_text][\/et_pb_column][\/et_pb_row][\/et_pb_section]<\/p>\n","protected":false},"excerpt":{"rendered":"<p>BE\u015e\u0130KTA\u015e KIZ \u00d6\u011eRENC\u0130 YURDU olarak \u00e7a\u011fda\u015f T\u00fcrkiye vizyonu ile\u00a0 Cumhuriyetimizi ya\u015fatacak olan gen\u00e7lerimizin rahat ve g\u00fcvenli bir ortamda \u00fcniversite e\u011fitimlerini tamamlamalar\u0131 i\u00e7in faaliyetteyiz . &nbsp; Y\u00f6netim Birimi Deneyimli bayan m\u00fcd\u00fcr ve yard\u0131mc\u0131lar\u0131yla; gece-g\u00fcnd\u00fcz hizmet veren deneyimli ve se\u00e7kin bayan personeli ile kesintisiz hizmet sunulmaktad\u0131r. &nbsp; Misyonumuz E\u011fitimde y\u00fcksek standartlar\u0131 hedefleyen, ahlakl\u0131 ve erdemli gen\u00e7lerimizin temel [&hellip;]<\/p>\n","protected":false},"author":2,"featured_media":0,"parent":0,"menu_order":1,"comment_status":"closed","ping_status":"closed","template":"","meta":{"_et_pb_use_builder":"on","_et_pb_old_content":"","_et_gb_content_width":"","ngg_post_thumbnail":0,"footnotes":""},"class_list":["post-24","page","type-page","status-publish","hentry"],"aioseo_notices":[],"jetpack-related-posts":[],"jetpack_sharing_enabled":true,"_links":{"self":[{"href":"https:\/\/www.besiktaskizyurdu.com.tr\/index.php\/wp-json\/wp\/v2\/pages\/24","targetHints":{"allow":["GET"]}}],"collection":[{"href":"https:\/\/www.besiktaskizyurdu.com.tr\/index.php\/wp-json\/wp\/v2\/pages"}],"about":[{"href":"https:\/\/www.besiktaskizyurdu.com.tr\/index.php\/wp-json\/wp\/v2\/types\/page"}],"author":[{"embeddable":true,"href":"https:\/\/www.besiktaskizyurdu.com.tr\/index.php\/wp-json\/wp\/v2\/users\/2"}],"replies":[{"embeddable":true,"href":"https:\/\/www.besiktaskizyurdu.com.tr\/index.php\/wp-json\/wp\/v2\/comments?post=24"}],"version-history":[{"count":0,"href":"https:\/\/www.besiktaskizyurdu.com.tr\/index.php\/wp-json\/wp\/v2\/pages\/24\/revisions"}],"wp:attachment":[{"href":"https:\/\/www.besiktaskizyurdu.com.tr\/index.php\/wp-json\/wp\/v2\/media?parent=24"}],"curies":[{"name":"wp","href":"https:\/\/api.w.org\/{rel}","templated":true}]}}